{"id":10,"date":"2024-04-10T14:54:53","date_gmt":"2024-04-10T12:54:53","guid":{"rendered":"https:\/\/regentovasuites.wordpress.com\/about-2\/"},"modified":"2024-10-06T10:40:23","modified_gmt":"2024-10-06T09:40:23","slug":"about-2","status":"publish","type":"page","link":"https:\/\/regentovasuites.si\/en\/about-2\/","title":{"rendered":"Our story"},"content":{"rendered":"<p><\/p>\n\n\n\n<div class=\"wp-block-group alignfull has-global-padding is-content-justification-center is-layout-constrained wp-container-core-group-is-layout-df757ecc wp-block-group-is-layout-constrained\" style=\"margin-top:0;margin-bottom:0;padding-top:calc( 0.5 * var(--wp--style--root--padding-right, var(--wp--custom--gap--horizontal)));padding-right:var(--wp--style--root--padding-right, var(--wp--custom--gap--horizontal));padding-bottom:calc( 0.5 * var(--wp--style--root--padding-right, var(--wp--custom--gap--horizontal)));padding-left:var(--wp--style--root--padding-left, var(--wp--custom--gap--horizontal))\">\n<div style=\"height:calc( 0.25 * var(--wp--style--root--padding-right, var(--wp--custom--gap--horizontal)))\" aria-hidden=\"true\" class=\"wp-block-spacer\"><\/div>\n\n\n\n<div class=\"wp-block-columns alignwide is-layout-flex wp-container-core-columns-is-layout-28f84493 wp-block-columns-is-layout-flex\">\n<div class=\"wp-block-column is-layout-flow wp-container-core-column-is-layout-22223934 wp-block-column-is-layout-flow\" style=\"flex-basis:50%\">\n<figure class=\"wp-block-image size-full\"><img loading=\"lazy\" decoding=\"async\" width=\"1280\" height=\"841\" src=\"\/wp-content\/uploads\/2024\/09\/320578923-1.jpg\" alt=\"\" class=\"wp-image-454\"\/><\/figure>\n\n\n\n<h2 class=\"wp-block-heading has-text-color has-link-color has-body-font-family wp-elements-f3e953e24aeae157ed2306a19f6889cd\" style=\"color:#706f6ffc\"><\/h2>\n<\/div>\n\n\n\n<div class=\"wp-block-column is-vertically-aligned-center is-layout-flow wp-block-column-is-layout-flow\" style=\"flex-basis:50%\">\n<p>Regentova Suites is owned and managed by a small family-oriented business from Ljubljana. We love hosting and meeting new people from all around the world to learn about their stories and adventures.<\/p>\n\n\n\n<p>At Regentova Suites, you will be able to relax with all the luxuries and comforts of your own home. So, leave your worries at the door and enjoy your stay at our beautiful place, as our warm hospitality ensures a memorable stay!<\/p>\n<\/div>\n<\/div>\n\n\n\n<div style=\"height:calc( 0.25 * var(--wp--style--root--padding-right, var(--wp--custom--gap--horizontal)))\" aria-hidden=\"true\" class=\"wp-block-spacer\"><\/div>\n<\/div>\n\n\n\n<div class=\"wp-block-group alignfull has-global-padding is-content-justification-center is-layout-constrained wp-container-core-group-is-layout-df757ecc wp-block-group-is-layout-constrained\" style=\"margin-top:0;margin-bottom:0;padding-top:calc( 0.5 * var(--wp--style--root--padding-right, var(--wp--custom--gap--horizontal)));padding-right:var(--wp--style--root--padding-right, var(--wp--custom--gap--horizontal));padding-bottom:calc( 0.5 * var(--wp--style--root--padding-right, var(--wp--custom--gap--horizontal)));padding-left:var(--wp--style--root--padding-left, var(--wp--custom--gap--horizontal))\">\n<div style=\"height:calc( 0.25 * var(--wp--style--root--padding-right, var(--wp--custom--gap--horizontal)))\" aria-hidden=\"true\" class=\"wp-block-spacer\"><\/div>\n\n\n\n<div class=\"wp-block-columns alignwide is-layout-flex wp-container-core-columns-is-layout-28f84493 wp-block-columns-is-layout-flex\">\n<div class=\"wp-block-column is-vertically-aligned-center has-global-padding is-content-justification-left is-layout-constrained wp-container-core-column-is-layout-128e448e wp-block-column-is-layout-constrained\" style=\"flex-basis:40%\">\n<h2 class=\"wp-block-heading has-contrast-color has-text-color has-link-color wp-elements-fe165764748ba45a931570bc8dfa1264\"><strong>Location<\/strong><\/h2>\n\n\n\n<p>Regentova Suites is located on Regentova cesta 21 in a peaceful district of Ljubljana called Dravlje.\nNestled in between one of the main streets of Ljubljana, the highway and nature. RS is the perfect\nlocation for anyone seeking a quieter spot and being still close to the city (which is just 4 km away). The nearest airport is Ljubljana Airport (22 km from the aparthotel).<\/p>\n\n\n\n<p>Regentova Suites is also surrounded by local restaurants and supermarkets, moreover there is also a local market Koseze nearby, where you can do your daily groceries, eat out or simply enjoy exploring Ljubljana. The closest supermarket is just a few-minute walk away, it is one amongst many others in the area. Within 500m of the apartment you will also find a post, a Chinese &amp; pizza restaurant, and Caf\u00e9s to enjoy your daily coffee.<\/p>\n\n\n\n<p>RS is easily accessible and there is a bus station right outside the building that will take you to the city centre. If you are coming by car, there is a FREE parking space with video control in our private garage, which is located in the basement level of the building. So, for all of our guests one parking space is provided.<\/p>\n\n\n\n<div class=\"wp-block-buttons is-layout-flex wp-block-buttons-is-layout-flex\">\n<div class=\"wp-block-button has-body-font-family\"><a class=\"wp-block-button__link has-contrast-color has-contrast-3-background-color has-text-color has-background has-link-color wp-element-button\" href=\"https:\/\/regentovasuites.si\/en\/contact\/\" style=\"border-style:none;border-width:0px;border-radius:50px\"><strong>BOOK NOW<\/strong><\/a><\/div>\n<\/div>\n<\/div>\n\n\n\n<div class=\"wp-block-column is-layout-flow wp-block-column-is-layout-flow\">\n<div class=\"wp-block-columns alignwide is-layout-flex wp-container-core-columns-is-layout-85695472 wp-block-columns-is-layout-flex\">\n<div class=\"wp-block-column is-layout-flow wp-container-core-column-is-layout-6b73ce23 wp-block-column-is-layout-flow\">\n<figure class=\"wp-block-image size-full is-style-default\"><img loading=\"lazy\" decoding=\"async\" width=\"5289\" height=\"3192\" src=\"\/wp-content\/uploads\/2024\/05\/img_9275.jpg\" alt=\"\" class=\"wp-image-70\" style=\"aspect-ratio:1;object-fit:cover\"\/><\/figure>\n\n\n\n<figure class=\"wp-block-image size-full is-style-default\"><img loading=\"lazy\" decoding=\"async\" width=\"2880\" height=\"2160\" src=\"\/wp-content\/uploads\/2024\/05\/img_20191112-002.jpg\" alt=\"\" class=\"wp-image-72\" style=\"aspect-ratio:1;object-fit:cover\"\/><\/figure>\n<\/div>\n\n\n\n<div class=\"wp-block-column is-layout-flow wp-container-core-column-is-layout-6b73ce23 wp-block-column-is-layout-flow\">\n<figure class=\"wp-block-image size-full is-style-default\"><img loading=\"lazy\" decoding=\"async\" width=\"5443\" height=\"3607\" src=\"\/wp-content\/uploads\/2024\/05\/receptionhall.jpg\" alt=\"\" class=\"wp-image-71\" style=\"aspect-ratio:1;object-fit:cover\"\/><\/figure>\n\n\n\n<figure class=\"wp-block-image size-full is-style-default\"><img loading=\"lazy\" decoding=\"async\" width=\"3475\" height=\"5355\" src=\"\/wp-content\/uploads\/2024\/05\/img_9248.jpg\" alt=\"\" class=\"wp-image-73\" style=\"aspect-ratio:1;object-fit:cover\"\/><\/figure>\n<\/div>\n<\/div>\n<\/div>\n<\/div>\n\n\n\n<div style=\"height:calc( 0.25 * var(--wp--style--root--padding-right, var(--wp--custom--gap--horizontal)))\" aria-hidden=\"true\" class=\"wp-block-spacer\"><\/div>\n<\/div>\n\n\n\n<div class=\"wp-block-group alignfull has-global-padding is-content-justification-center is-layout-constrained wp-container-core-group-is-layout-df757ecc wp-block-group-is-layout-constrained\" style=\"margin-top:0;margin-bottom:0;padding-top:calc( 0.5 * var(--wp--style--root--padding-right, var(--wp--custom--gap--horizontal)));padding-right:var(--wp--style--root--padding-right, var(--wp--custom--gap--horizontal));padding-bottom:calc( 0.5 * var(--wp--style--root--padding-right, var(--wp--custom--gap--horizontal)));padding-left:var(--wp--style--root--padding-left, var(--wp--custom--gap--horizontal))\">\n<div class=\"wp-block-columns alignwide is-layout-flex wp-container-core-columns-is-layout-28f84493 wp-block-columns-is-layout-flex\">\n<div class=\"wp-block-column is-vertically-aligned-center has-global-padding is-content-justification-left is-layout-constrained wp-container-core-column-is-layout-128e448e wp-block-column-is-layout-constrained\" style=\"flex-basis:40%\">\n<p class=\"has-text-align-left\">As soon as you enter Regentova Suites, your worries will be left outside. Our apartments are beautifully furnished with wood, showcasing Slovenia's rich tradition, as more than 50% of the country is covered with forests. Take time for a cup of tea or coffee, or simply enjoy a glass of wine on our wooden terrace or balcony, and soak in the view, peace, and harmony. Throughout the house, you'll find many paintings by a local artist, showcasing the charm of Ljubljana, which contribute to the cozy and welcoming atmosphere. Make sure to book your stay at Regentova Suites today with a simple click of a button!<\/p>\n\n\n\n<div class=\"wp-block-buttons alignwide is-layout-flex wp-container-core-buttons-is-layout-168ce233 wp-block-buttons-is-layout-flex\">\n<div class=\"wp-block-button has-body-font-family\"><a class=\"wp-block-button__link has-contrast-color has-contrast-3-background-color has-text-color has-background has-link-color wp-element-button\" href=\"https:\/\/regentovasuites.si\/en\/contact\/\" style=\"border-style:none;border-width:0px;border-radius:50px\"><strong>BOOK NOW<\/strong><\/a><\/div>\n<\/div>\n<\/div>\n\n\n\n<div class=\"wp-block-column is-layout-flow wp-block-column-is-layout-flow\">\n<div class=\"wp-block-columns alignwide is-layout-flex wp-container-core-columns-is-layout-85695472 wp-block-columns-is-layout-flex\">\n<div class=\"wp-block-column is-layout-flow wp-container-core-column-is-layout-6b73ce23 wp-block-column-is-layout-flow\">\n<figure class=\"wp-block-gallery has-nested-images columns-default is-cropped wp-block-gallery-1 is-layout-flex wp-block-gallery-is-layout-flex\">\n<figure class=\"wp-block-image size-full is-style-default\"><img loading=\"lazy\" decoding=\"async\" width=\"1280\" height=\"843\" data-id=\"465\" src=\"\/wp-content\/uploads\/2024\/09\/221347023-5.jpg\" alt=\"\" class=\"wp-image-465\" style=\"aspect-ratio:1;object-fit:cover\"\/><\/figure>\n<\/figure>\n\n\n\n<figure class=\"wp-block-image size-full is-style-default\"><img loading=\"lazy\" decoding=\"async\" width=\"3024\" height=\"4032\" src=\"\/wp-content\/uploads\/2024\/09\/unnamed-2.jpg\" alt=\"\" class=\"wp-image-459\" style=\"aspect-ratio:1;object-fit:cover\"\/><\/figure>\n<\/div>\n\n\n\n<div class=\"wp-block-column is-layout-flow wp-container-core-column-is-layout-6b73ce23 wp-block-column-is-layout-flow\">\n<figure class=\"wp-block-image size-full is-style-default\"><img loading=\"lazy\" decoding=\"async\" width=\"5433\" height=\"3589\" src=\"\/wp-content\/uploads\/2024\/05\/img_9320.jpg\" alt=\"\" class=\"wp-image-75\" style=\"aspect-ratio:1;object-fit:cover\"\/><\/figure>\n\n\n\n<figure class=\"wp-block-image size-full is-style-default\"><img loading=\"lazy\" decoding=\"async\" width=\"3623\" height=\"5455\" src=\"\/wp-content\/uploads\/2024\/05\/img_7263.jpg\" alt=\"\" class=\"wp-image-77\" style=\"aspect-ratio:1;object-fit:cover\"\/><\/figure>\n<\/div>\n<\/div>\n<\/div>\n<\/div>\n<\/div>","protected":false},"excerpt":{"rendered":"<p>Regentova Suites je v lasti majhnega dru\u017einskega podjetja iz Ljubljane. Sami zelo radi gostimo in spoznavamo nove ljudi iz celega sveta ter poslu\u0161amo njihove zgodbe o potovanjih in pustolov\u0161\u010dinah. V objektu Regentova Suites boste lahko u\u017eivali v sprostitvi z vsemi razko\u0161ji in udobjem va\u0161ega lastnega doma. Torej, pustite svoje skrbi zunaj in u\u017eivajte svoje bivanje [&hellip;]<\/p>","protected":false},"author":1,"featured_media":0,"parent":0,"menu_order":0,"comment_status":"closed","ping_status":"closed","template":"","meta":{"footnotes":""},"class_list":["post-10","page","type-page","status-publish","hentry"],"jetpack_sharing_enabled":true,"_links":{"self":[{"href":"https:\/\/regentovasuites.si\/en\/wp-json\/wp\/v2\/pages\/10","targetHints":{"allow":["GET"]}}],"collection":[{"href":"https:\/\/regentovasuites.si\/en\/wp-json\/wp\/v2\/pages"}],"about":[{"href":"https:\/\/regentovasuites.si\/en\/wp-json\/wp\/v2\/types\/page"}],"author":[{"embeddable":true,"href":"https:\/\/regentovasuites.si\/en\/wp-json\/wp\/v2\/users\/1"}],"replies":[{"embeddable":true,"href":"https:\/\/regentovasuites.si\/en\/wp-json\/wp\/v2\/comments?post=10"}],"version-history":[{"count":24,"href":"https:\/\/regentovasuites.si\/en\/wp-json\/wp\/v2\/pages\/10\/revisions"}],"predecessor-version":[{"id":587,"href":"https:\/\/regentovasuites.si\/en\/wp-json\/wp\/v2\/pages\/10\/revisions\/587"}],"wp:attachment":[{"href":"https:\/\/regentovasuites.si\/en\/wp-json\/wp\/v2\/media?parent=10"}],"curies":[{"name":"wp","href":"https:\/\/api.w.org\/{rel}","templated":true}]}}