{"id":162,"date":"2024-04-10T14:54:53","date_gmt":"2024-04-10T12:54:53","guid":{"rendered":"https:\/\/regentovasuites.wordpress.com\/services\/"},"modified":"2024-10-06T10:42:33","modified_gmt":"2024-10-06T09:42:33","slug":"services","status":"publish","type":"page","link":"https:\/\/regentovasuites.si\/en\/services\/","title":{"rendered":"Contact us"},"content":{"rendered":"<div class=\"wp-block-group alignfull has-global-padding is-content-justification-center is-layout-constrained wp-container-core-group-is-layout-df757ecc wp-block-group-is-layout-constrained\" style=\"margin-top:0;margin-bottom:0;padding-top:calc( 0.5 * var(--wp--style--root--padding-right, var(--wp--custom--gap--horizontal)));padding-right:var(--wp--style--root--padding-right, var(--wp--custom--gap--horizontal));padding-bottom:calc( 0.5 * var(--wp--style--root--padding-right, var(--wp--custom--gap--horizontal)));padding-left:var(--wp--style--root--padding-left, var(--wp--custom--gap--horizontal))\">\n<div style=\"height:calc( 0.25 * var(--wp--style--root--padding-right, var(--wp--custom--gap--horizontal)))\" aria-hidden=\"true\" class=\"wp-block-spacer\"><\/div>\n\n\n\n<div class=\"wp-block-group has-global-padding is-layout-constrained wp-container-core-group-is-layout-b821fca1 wp-block-group-is-layout-constrained\">\n<h2 class=\"wp-block-heading alignwide has-text-align-center has-text-color has-link-color has-body-font-family wp-elements-0cb12ec5401ad2a53a6c24c70db199c4\" style=\"color:#706f6ffc;margin-top:0;margin-bottom:0\"><\/h2>\n\n\n\n<p>If you have any questions, problems, concerns, or needs, please do not hesitate to contact us. Our team is here to ensure you have an unforgettable stay, and we\u2019re happy to help you with anything that you need! <\/p>\n\n\n\n<p>Book your stay on the website for the best offer or just simply call us for more informations.<\/p>\n<\/div>\n\n\n\n<div class=\"wp-block-buttons is-content-justification-center is-layout-flex wp-container-core-buttons-is-layout-a89b3969 wp-block-buttons-is-layout-flex\">\n<div class=\"wp-block-button\"><a class=\"wp-block-button__link has-contrast-color has-text-color has-background has-link-color wp-element-button\" href=\"https:\/\/regentovasuites.si\/en\/contact\/\" style=\"border-radius:65px;background-color:#a4a4a4;padding-top:var(--wp--preset--spacing--10);padding-bottom:var(--wp--preset--spacing--10)\"><strong>BOOK NOW<\/strong><\/a><\/div>\n<\/div>\n\n\n\n<div class=\"wp-block-group has-global-padding is-layout-constrained wp-container-core-group-is-layout-b821fca1 wp-block-group-is-layout-constrained\">\n<p><a href=\"tel: 38651274777\">+386 (0)51 274 777<\/a><br><a href=\"mailto:dasa@noblvila.si\">dasa@noblvila.si<\/a><\/p>\n\n\n\n<figure class=\"wp-block-image size-full\"><img loading=\"lazy\" decoding=\"async\" width=\"1280\" height=\"837\" src=\"\/wp-content\/uploads\/2024\/09\/320578922.jpg\" alt=\"\" class=\"wp-image-488\"\/><\/figure>\n\n\n\n<div style=\"height:var(--wp--preset--spacing--20)\" aria-hidden=\"true\" class=\"wp-block-spacer\"><\/div>\n<\/div>\n\n\n\n<div style=\"height:calc( 0.25 * var(--wp--style--root--padding-right, var(--wp--custom--gap--horizontal)))\" aria-hidden=\"true\" class=\"wp-block-spacer\"><\/div>\n<\/div>","protected":false},"excerpt":{"rendered":"<p>Tukaj smo za vas in smo vam na voljo za razli\u010dna vpra\u0161anja, zato prosim ne oklevajte in nas kontaktirajte za ve\u010d informacij, saj vam bomo z veseljem pomagali. Rezervirajte si va\u0161e bivanje po posebni ceni preko spletnega obrazca ali nas preprosto pokli\u010dite za ve\u010d informacij. +386 (0)51 274 777dasa@noblvila.si<\/p>","protected":false},"author":1,"featured_media":0,"parent":0,"menu_order":0,"comment_status":"closed","ping_status":"closed","template":"","meta":{"footnotes":""},"class_list":["post-162","page","type-page","status-publish","hentry"],"jetpack_sharing_enabled":true,"_links":{"self":[{"href":"https:\/\/regentovasuites.si\/en\/wp-json\/wp\/v2\/pages\/162","targetHints":{"allow":["GET"]}}],"collection":[{"href":"https:\/\/regentovasuites.si\/en\/wp-json\/wp\/v2\/pages"}],"about":[{"href":"https:\/\/regentovasuites.si\/en\/wp-json\/wp\/v2\/types\/page"}],"author":[{"embeddable":true,"href":"https:\/\/regentovasuites.si\/en\/wp-json\/wp\/v2\/users\/1"}],"replies":[{"embeddable":true,"href":"https:\/\/regentovasuites.si\/en\/wp-json\/wp\/v2\/comments?post=162"}],"version-history":[{"count":18,"href":"https:\/\/regentovasuites.si\/en\/wp-json\/wp\/v2\/pages\/162\/revisions"}],"predecessor-version":[{"id":588,"href":"https:\/\/regentovasuites.si\/en\/wp-json\/wp\/v2\/pages\/162\/revisions\/588"}],"wp:attachment":[{"href":"https:\/\/regentovasuites.si\/en\/wp-json\/wp\/v2\/media?parent=162"}],"curies":[{"name":"wp","href":"https:\/\/api.w.org\/{rel}","templated":true}]}}